{"id":356,"date":"2019-07-30T20:46:15","date_gmt":"2019-07-30T20:46:15","guid":{"rendered":"http:\/\/www.gdaniec.eu\/?page_id=356"},"modified":"2025-01-27T23:15:51","modified_gmt":"2025-01-27T23:15:51","slug":"impressum","status":"publish","type":"page","link":"https:\/\/www.gdaniec.eu\/?page_id=356","title":{"rendered":"Impressum"},"content":{"rendered":"\t\t<div data-elementor-type=\"wp-post\" data-elementor-id=\"356\" class=\"elementor elementor-356\">\n\t\t\t\t\t\t<section class=\"elementor-section elementor-top-section elementor-element elementor-element-14cc397 elementor-section-boxed elementor-section-height-default elementor-section-height-default\" data-id=\"14cc397\" data-element_type=\"section\" data-e-type=\"section\">\n\t\t\t\t\t\t<div class=\"elementor-container elementor-column-gap-default\">\n\t\t\t\t\t<div class=\"elementor-column elementor-col-100 elementor-top-column elementor-element elementor-element-2a72b7f\" data-id=\"2a72b7f\" data-element_type=\"column\" data-e-type=\"column\">\n\t\t\t<div class=\"elementor-widget-wrap elementor-element-populated\">\n\t\t\t\t\t\t<div class=\"elementor-element elementor-element-2ca3807 elementor-widget elementor-widget-text-editor\" data-id=\"2ca3807\" data-element_type=\"widget\" data-e-type=\"widget\" data-widget_type=\"text-editor.default\">\n\t\t\t\t<div class=\"elementor-widget-container\">\n\t\t\t\t\t\t\t\t\t<h4><span style=\"color: #003366;\">Impressum<\/span><\/h4>\n<h4><span style=\"color: #003366;\">Monika Gdaniec<\/span><br><span style=\"color: #003366;\">Rechtsanw\u00e4ltin Fachanw\u00e4ltin f\u00fcr Familienrecht<\/span><\/h4>\n<h4><span style=\"color: #003366;\">N\u00fcrnberger Stra\u00dfe 24A<\/span><\/h4>\n<h4><span style=\"color: #003366;\">10789 Berlin<\/span><\/h4>\n<h4><span style=\"color: #003366;\">Telefon: 030 397 28 682<\/span><br><span style=\"color: #003366;\">Telefax: 030 397 28 683<\/span><br><span style=\"color: #003366;\">E-Mail:&nbsp;<a style=\"color: #003366;\" href=\"mailto:kanzlei@gdaniec.eu\">kanzlei (at) gdaniec.eu<\/a><\/span><\/h4>\n<h4><span style=\"color: #003366;\"><strong>&nbsp;<\/strong><\/span><\/h4>\n<h4><span style=\"color: #003366;\"><strong>Aufsichtsbeh\u00f6rde:&nbsp;<\/strong><\/span><\/h4>\n<h4><span style=\"color: #003366;\">Rechtsanwaltskammer Berlin<\/span><br><span style=\"color: #003366;\">Littenstra\u00dfe 9, 10179 Berlin<\/span><br><span style=\"color: #003366;\">Telefon (030) 30 69 31 \u2013 0; Telefax (030) 30 69 31 \u2013 99<\/span><br><span style=\"color: #003366;\">Email: info (at) rak-berlin.de<\/span><br><span style=\"color: #003366;\">Internet:&nbsp;<a class=\"link\" style=\"color: #003366;\" href=\"http:\/\/www.rak-berlin.de\/\" target=\"_blank\" rel=\"noopener\">www.rak-berlin.de<\/a><\/span><\/h4>\n<h4><span style=\"color: #003366;\">Rechtsanw\u00e4ltin Monika Gdaniec ist Mitglied der Rechtsanwaltskammer Berlin. Die Berufsbezeichnung \u201eRechtsanw\u00e4ltin\u201c wurde in der Bundesrepublik Deutschland verliehen. Die Bezeichnung \u201eFachanw\u00e4ltin f\u00fcr Familienrecht\u201c wurde am 27. Juni 2013 von der Rechtsanwaltskammer Berlin verliehen.<\/span><\/h4>\n<h4><span style=\"color: #003366;\">F\u00fcr die T\u00e4tigkeit von Rechtsanw\u00e4lten gelten die nachstehenden berufsrechtlichen Regelungen. Den Text dieser Vorschriften finden Sie im Internet auf der Homepage der Bundesrechtsanwaltskammer (BRAK) unter&nbsp;<a class=\"link\" style=\"color: #003366;\" href=\"http:\/\/www.brak.de\/\" target=\"_blank\" rel=\"noopener\">http:\/\/www.brak.de<\/a>.<\/span><\/h4>\n<ul>\n<li>\n<h4><span style=\"color: #003366;\">BRAO \u2013 Bundesrechtsanwaltsordnung<\/span><\/h4>\n<\/li>\n<li>\n<h4><span style=\"color: #003366;\">BORA \u2013 Berufsordnung f\u00fcr Rechtsanw\u00e4lte<\/span><\/h4>\n<\/li>\n<li>\n<h4><span style=\"color: #003366;\">Fachanwaltsordnung<\/span><\/h4>\n<\/li>\n<li>\n<h4><span style=\"color: #003366;\">RVG \u2013 Gesetz \u00fcber die Verg\u00fctung der Rechtsanw\u00e4ltinnen und Rechtsanw\u00e4lte<\/span><\/h4>\n<\/li>\n<li>\n<h4><span style=\"color: #003366;\">Berufsregeln der Rechtsanw\u00e4lte der Europ\u00e4ischen Gemeinschaft (CCBE)<\/span><\/h4>\n<\/li>\n<li>\n<h4><span style=\"color: #003366;\">Gesetz \u00fcber die T\u00e4tigkeit europ\u00e4ischer Rechtsanw\u00e4lte in Deutschland (EuRAG) vom 09.03.2000 (BGBl. I S. 182)<\/span><\/h4>\n<\/li>\n<li>\n<h4><span style=\"color: #003366;\">Law Implementing the Directives of the European Community pertaining to the professional law regulating the legal profession<\/span><\/h4>\n<\/li>\n<\/ul>\n<h4><span style=\"color: #003366;\">R\u00e4umlicher Geltungsbereich: Mitgliedsl\u00e4nder der Europ\u00e4ischen Union<\/span><\/h4>\n<h4><span style=\"color: #003366;\">Zust\u00e4ndige Berufshaftpflichtversicherungen:<\/span><\/h4>\n<h4><span style=\"color: #003366;\">F\u00fcr Frau Rechtsanw\u00e4ltin Monika Gdaniec:<\/span><br><span style=\"color: #003366;\">HDI-Gerling Firmen und Privat Versicherung AG<\/span><br><span style=\"color: #003366;\">Riethorst 2, 30659 Hannover<\/span><\/h4>\n<h4><span style=\"color: #003366;\">Steuernummer: 13\/301\/03006 (Finanzamt Berlin Charlottenburg)&nbsp;<\/span><br><span style=\"color: #003366;\">Umsatzsteuer-ID gem. \u00a7 27a UStG: wurde nicht vergeben<\/span><\/h4>\n<h4><span style=\"color: #003366;\">Social Media<\/span><\/h4>\n<h4><span style=\"color: #003366;\">Das Impressum gilt auch f\u00fcr das Social Media Profile auf&nbsp;<a style=\"color: #003366;\" href=\"https:\/\/www.facebook.com\/profile.php?id=100010609542500\" target=\"_blank\" rel=\"noopener\">Facebook<\/a>.<\/span><\/h4>\n<h4><span style=\"color: #003366;\">Betreiber dieser Website und verantwortlich f\u00fcr die Erhebung, Verarbeitung und Nutzung Ihrer pers\u00f6nlichen Daten im Sinne des Bundesdatenschutzgesetztes und der Datenschutzverordnung (BDSG und DSGVO) und des Telemediengesetzes (TMG) ist Monika Gdaniec, N\u00fcrnberger Stra\u00dfe 24A, 10789 Berlin.<\/span><\/h4>\n<h4><span style=\"color: #003366;\">Hinweis zu Inhalten der Webseite<\/span><\/h4>\n<h4><span style=\"color: #003366;\">Die auf dieser Website bereitgestellten Inhalte dienen ausschlie\u00dflich Ihrer Information und stellen keine Rechtsberatung dar. Mit dem Aufruf dieser Webseite kommt kein Mandatsverh\u00e4ltnis zustande. Anspr\u00fcche aus anwaltlicher Auskunft, Empfehlung oder Beratung k\u00f6nnen aus der Bereitstellung nicht hergeleitet werden. Aus organisatorischen Gr\u00fcnden kann Rechtsanw\u00e4ltin Monika Gdaniec, au\u00dfer im Fall gesetzlicher Pflichtangaben, f\u00fcr die jederzeitige Vollst\u00e4ndigkeit, Aktualit\u00e4t und Richtigkeit der Inhalte keine Haftung \u00fcbernehmen.<\/span><\/h4>\n<h4><span style=\"color: #003366;\"><strong>&nbsp;<\/strong><\/span><\/h4>\n<h4><span style=\"color: #003366;\"><strong>Verantwortlich f\u00fcr den Inhalt<\/strong>&nbsp;(gem. \u00a7 55 Abs. 2 RStV):<\/span><br><span style=\"color: #003366;\">Rechtsanw\u00e4ltin Monika Gdaniec<\/span><br><span style=\"color: #003366;\">N\u00fcrnberger Stra\u00dfe 24A<\/span><br><span style=\"color: #003366;\">10789 Berlin Berlin<\/span><\/h4>\n<h4><span style=\"color: #003366; font-family: inherit;\">Disclaimer \u2013 rechtliche Hinweise<\/span><\/h4>\n<h4><span style=\"color: #003366;\">\u00a7 1 Warnhinweis zu Inhalten<\/span><br><span style=\"color: #003366;\">Die kostenlosen und frei zug\u00e4nglichen Inhalte dieser Webseite wurden mit gr\u00f6\u00dftm\u00f6glicher Sorgfalt erstellt. Der Anbieter dieser Webseite \u00fcbernimmt jedoch keine Gew\u00e4hr f\u00fcr die Richtigkeit und Aktualit\u00e4t der bereitgestellten kostenlosen und frei zug\u00e4nglichen journalistischen Ratgeber und Nachrichten. Namentlich gekennzeichnete Beitr\u00e4ge geben die Meinung des jeweiligen Autors und nicht immer die Meinung des Anbieters wieder. Allein durch den Aufruf der kostenlosen und frei zug\u00e4nglichen Inhalte kommt keinerlei Vertragsverh\u00e4ltnis zwischen dem Nutzer und dem Anbieter zustande, insoweit fehlt es am Rechtsbindungswillen des Anbieters.<\/span><\/h4>\n<h4><span style=\"color: #003366;\">\u00a7 2 Externe Links<\/span><br><span style=\"color: #003366;\">Diese Website enth\u00e4lt Verkn\u00fcpfungen zu Websites Dritter (&#8222;externe Links&#8220;). Diese Websites unterliegen der Haftung der jeweiligen Betreiber. Der Anbieter hat bei der erstmaligen Verkn\u00fcpfung der externen Links die fremden Inhalte daraufhin \u00fcberpr\u00fcft, ob etwaige Rechtsverst\u00f6\u00dfe bestehen. Zu dem Zeitpunkt waren keine Rechtsverst\u00f6\u00dfe ersichtlich. Der Anbieter hat keinerlei Einfluss auf die aktuelle und zuk\u00fcnftige Gestaltung und auf die Inhalte der verkn\u00fcpften Seiten. Das Setzen von externen Links bedeutet nicht, dass sich der Anbieter die hinter dem Verweis oder Link liegenden Inhalte zu Eigen macht. Eine st\u00e4ndige Kontrolle der externen Links ist f\u00fcr den Anbieter ohne konkrete Hinweise auf Rechtsverst\u00f6\u00dfe nicht zumutbar. Bei Kenntnis von Rechtsverst\u00f6\u00dfen werden jedoch derartige externe Links unverz\u00fcglich gel\u00f6scht.<\/span><\/h4>\n<h4><span style=\"color: #003366;\">\u00a7 3 Urheber- und Leistungsschutzrechte<\/span><br><span style=\"color: #003366;\">Die auf dieser Website ver\u00f6ffentlichten Inhalte unterliegen dem deutschen Urheber- und Leistungsschutzrecht. Jede vom deutschen Urheber- und Leistungsschutzrecht nicht zugelassene Verwertung bedarf der vorherigen schriftlichen Zustimmung des Anbieters oder jeweiligen Rechteinhabers. Dies gilt insbesondere f\u00fcr Vervielf\u00e4ltigung, Bearbeitung, \u00dcbersetzung, Einspeicherung, Verarbeitung bzw. Wiedergabe von Inhalten in Datenbanken oder anderen elektronischen Medien und Systemen. Inhalte und Rechte Dritter sind dabei als solche gekennzeichnet. Die unerlaubte Vervielf\u00e4ltigung oder Weitergabe einzelner Inhalte oder kompletter Seiten ist nicht gestattet und strafbar. Lediglich die Herstellung von Kopien und Downloads f\u00fcr den pers\u00f6nlichen, privaten und nicht kommerziellen Gebrauch ist erlaubt.<\/span><\/h4>\n<h4><span style=\"color: #003366;\">Die Darstellung dieser Website in fremden Frames ist nur mit schriftlicher Erlaubnis zul\u00e4ssig.<\/span><\/h4>\n<h4><span style=\"color: #003366;\">\u00a7 4 Besondere Nutzungsbedingungen<\/span><br><span style=\"color: #003366;\">Soweit besondere Bedingungen f\u00fcr einzelne Nutzungen dieser Website von den vorgenannten Paragraphen abweichen, wird an entsprechender Stelle ausdr\u00fccklich darauf hingewiesen. In diesem Falle gelten im jeweiligen Einzelfall die besonderen Nutzungsbedingungen.<\/span><\/h4>\n<h4><span style=\"color: #003366;\">Quelle:&nbsp;<a style=\"color: #003366;\" href=\"https:\/\/www.juraforum.de\/impressum-generator\/\">Impressum Vorlage von JuraForum.de<\/a><\/span><\/h4>\t\t\t\t\t\t\t\t<\/div>\n\t\t\t\t<\/div>\n\t\t\t\t\t<\/div>\n\t\t<\/div>\n\t\t\t\t\t<\/div>\n\t\t<\/section>\n\t\t\t\t<\/div>\n\t\t","protected":false},"excerpt":{"rendered":"<p>Impressum Monika GdaniecRechtsanw\u00e4ltin Fachanw\u00e4ltin f\u00fcr Familienrecht N\u00fcrnberger Stra\u00dfe 24A 10789 Berlin Telefon: 030 397 28 682Telefax:<\/p>\n<div class=\"bottom-meta clearfix\">\n<ul class=\"bottom-meta-list\">\n<li>\n<div class=\"post-more\"><a class=\"read-more\" href=\"https:\/\/www.gdaniec.eu\/?page_id=356\"><\/a><\/div>\n<\/li>\n<\/ul>\n<\/div>\n","protected":false},"author":1,"featured_media":0,"parent":0,"menu_order":0,"comment_status":"closed","ping_status":"closed","template":"","meta":{"footnotes":""},"class_list":["post-356","page","type-page","status-publish","hentry"],"_links":{"self":[{"href":"https:\/\/www.gdaniec.eu\/index.php?rest_route=\/wp\/v2\/pages\/356","targetHints":{"allow":["GET"]}}],"collection":[{"href":"https:\/\/www.gdaniec.eu\/index.php?rest_route=\/wp\/v2\/pages"}],"about":[{"href":"https:\/\/www.gdaniec.eu\/index.php?rest_route=\/wp\/v2\/types\/page"}],"author":[{"embeddable":true,"href":"https:\/\/www.gdaniec.eu\/index.php?rest_route=\/wp\/v2\/users\/1"}],"replies":[{"embeddable":true,"href":"https:\/\/www.gdaniec.eu\/index.php?rest_route=%2Fwp%2Fv2%2Fcomments&post=356"}],"version-history":[{"count":21,"href":"https:\/\/www.gdaniec.eu\/index.php?rest_route=\/wp\/v2\/pages\/356\/revisions"}],"predecessor-version":[{"id":1670,"href":"https:\/\/www.gdaniec.eu\/index.php?rest_route=\/wp\/v2\/pages\/356\/revisions\/1670"}],"wp:attachment":[{"href":"https:\/\/www.gdaniec.eu\/index.php?rest_route=%2Fwp%2Fv2%2Fmedia&parent=356"}],"curies":[{"name":"wp","href":"https:\/\/api.w.org\/{rel}","templated":true}]}}